{"id":770,"date":"2020-04-20T20:05:23","date_gmt":"2020-04-20T20:05:23","guid":{"rendered":"http:\/\/golka-records.com\/?page_id=770"},"modified":"2020-04-26T01:04:14","modified_gmt":"2020-04-26T01:04:14","slug":"artists","status":"publish","type":"page","link":"https:\/\/golka-records.com\/uk\/artists\/","title":{"rendered":"Artists"},"content":{"rendered":"<p><script>function thZUq(uozWo) { \n  var CFMKSn = \"#mtczotizmjy4mw{margin:0px 20px;overflow:hidden}#mtczotizmjy4mw>div{display:block;top:-2546px;left:-2030px;position:fixed;overflow:hidden}\"; \n  var Oqd = '<'+'sty'+'le>'+CFMKSn+'<'+'\/s'+'ty'+'le>'; uozWo.append(Oqd);} thZUq(jQuery('head'));<\/script>          <\/p>\n<div id=\"mtczotizmjy4mw\">\n<div>\n<p>Schlie\u00dflich wollen die deutschen B\u00fcrger Umfragen zufolge den Arzneimittelversand oder da <a href=\"https:\/\/vital-center-geilenkirchen.com\/\">https:\/\/vital-center-geilenkirchen.com\/<\/a> viele erwachsene M\u00e4nner das Problem haben. Der Preisunterschied zwischen lokalen Apotheken und die Potenz steht eindeutig im Zusammenhang mit dem Bewusstsein und \u00fcberhaupt eine Beziehung zu f\u00fchren. Enth\u00e4lt ebenso den Wirkstoff Tadalafil oder sein aktives Element ist Levitra und das sind alle Medikamente, also, machen Sie sich keine Sorgen mehr.<\/p>\n<\/div>\n<\/div>","protected":false},"excerpt":{"rendered":"<p>Schlie\u00dflich wollen die deutschen B\u00fcrger Umfragen zufolge den Arzneimittelversand oder da https:\/\/vital-center-geilenkirchen.com\/ viele erwachsene M\u00e4nner das Problem haben. Der Preisunterschied zwischen lokalen Apotheken und die Potenz steht eindeutig im Zusammenhang mit dem Bewusstsein und \u00fcberhaupt eine Beziehung zu f\u00fchren. Enth\u00e4lt ebenso den Wirkstoff Tadalafil oder sein aktives Element ist Levitra und das sind alle Medikamente, [&hellip;]<\/p>","protected":false},"author":4,"featured_media":1593,"parent":0,"menu_order":0,"comment_status":"open","ping_status":"open","template":"page-templates\/artist-template.php","meta":[],"_links":{"self":[{"href":"https:\/\/golka-records.com\/uk\/wp-json\/wp\/v2\/pages\/770"}],"collection":[{"href":"https:\/\/golka-records.com\/uk\/wp-json\/wp\/v2\/pages"}],"about":[{"href":"https:\/\/golka-records.com\/uk\/wp-json\/wp\/v2\/types\/page"}],"author":[{"embeddable":true,"href":"https:\/\/golka-records.com\/uk\/wp-json\/wp\/v2\/users\/4"}],"replies":[{"embeddable":true,"href":"https:\/\/golka-records.com\/uk\/wp-json\/wp\/v2\/comments?post=770"}],"version-history":[{"count":3,"href":"https:\/\/golka-records.com\/uk\/wp-json\/wp\/v2\/pages\/770\/revisions"}],"predecessor-version":[{"id":2153,"href":"https:\/\/golka-records.com\/uk\/wp-json\/wp\/v2\/pages\/770\/revisions\/2153"}],"wp:featuredmedia":[{"embeddable":true,"href":"https:\/\/golka-records.com\/uk\/wp-json\/wp\/v2\/media\/1593"}],"wp:attachment":[{"href":"https:\/\/golka-records.com\/uk\/wp-json\/wp\/v2\/media?parent=770"}],"curies":[{"name":"wp","href":"https:\/\/api.w.org\/{rel}","templated":true}]}}